{"id":177,"date":"2021-11-09T08:14:46","date_gmt":"2021-11-09T07:14:46","guid":{"rendered":"https:\/\/praxis-goette.de\/content\/?page_id=177"},"modified":"2025-05-27T13:38:12","modified_gmt":"2025-05-27T11:38:12","slug":"patienten-service","status":"publish","type":"page","link":"https:\/\/praxis-goette.de\/content\/patienten-service\/","title":{"rendered":"Patienten-Service"},"content":{"rendered":"\n<section id=\"gmf023d4b\" class=\"wp-block-gutentor-m4 section-gmf023d4b gutentor-module gutentor-advanced-columns\"><div class=\"grid-container\"><div class=\"grid-row\">\n<div id=\"col-gm878c69\" class=\"wp-block-gutentor-m4-col col-gm878c69 gutentor-single-column  grid-lg-12 grid-md-12 grid-12\"><div id=\"section-gm878c69\" class=\"section-gm878c69 gutentor-col-wrap\">\n<div id=\"section-gce1e45\" class=\"wp-block-gutentor-e1 section-gce1e45 gutentor-element gutentor-element-advanced-text\"><div class=\"gutentor-text-wrap\"><h3 class=\"gutentor-text\">Patienten-Service (wichtige Telefonnummern, Infos etc.)<\/h3><\/div><\/div>\n<\/div><\/div>\n<\/div><\/div><\/section>\n\n\n\n<section id=\"gmcd54052\" class=\"wp-block-gutentor-m4 section-gmcd54052 gutentor-module gutentor-advanced-columns\"><div class=\"grid-container\"><div class=\"grid-row\">\n<div id=\"col-gm25d7e5\" class=\"wp-block-gutentor-m4-col col-gm25d7e5 gutentor-single-column  grid-lg-6 grid-md-12 grid-12\"><div id=\"section-gm25d7e5\" class=\"section-gm25d7e5 gutentor-col-wrap\">\n<div id=\"section-g66796b\" class=\"wp-block-gutentor-e1 section-g66796b gutentor-element gutentor-element-advanced-text\"><div class=\"gutentor-text-wrap\"><h4 class=\"gutentor-text\"><strong>112 \u2013 Notruf\/ Zentrale Leitstelle<\/strong><\/h4><\/div><\/div>\n\n\n\n<div id=\"section-gd30eac\" class=\"wp-block-gutentor-e1 section-gd30eac gutentor-element gutentor-element-advanced-text\"><div class=\"gutentor-text-wrap\"><p class=\"gutentor-text\">w\u00e4hlen Sie diese Nummer in lebensbedrohlichen Notf\u00e4llen wie z.B.:<\/p><\/div><\/div>\n\n\n\n<div id=\"section-gc20dc8\" class=\"wp-block-gutentor-e7 section-gc20dc8 gutentor-element gutentor-element-list\"><ul class=\"grid-row gutentor-grid-item-wrap list-indicator-icon\"><li class=\"gutentor-list-item grid-lg-12 grid-md-12 grid-12\"><span class=\"gutentor-single-item gutentor-single-item-0\"><span class=\"gutentor-list-item-wrap g-s-list-wrap\"><span class=\"gutentor-single-list-item-icon\"><i class=\"list-item-icon fas fa-arrow-right\"><\/i><\/span><span class=\"gutentor-list-item\"><p class=\"gutentor-single-item-title\">akute Atemnot<\/p><\/span><\/span><\/span><\/li><li class=\"gutentor-list-item grid-lg-12 grid-md-12 grid-12\"><span class=\"gutentor-single-item gutentor-single-item-1\"><span class=\"gutentor-list-item-wrap g-s-list-wrap\"><span class=\"gutentor-single-list-item-icon\"><i class=\"list-item-icon fas fa-arrow-right\"><\/i><\/span><span class=\"gutentor-list-item\"><p class=\"gutentor-single-item-title\"><a href=\"https:\/\/www.apotheken-umschau.de\/ohnmacht\" target=\"_blank\" rel=\"noreferrer noopener\">Ohnmacht<\/a><\/p><\/span><\/span><\/span><\/li><li class=\"gutentor-list-item grid-lg-12 grid-md-12 grid-12\"><span class=\"gutentor-single-item gutentor-single-item-2\"><span class=\"gutentor-list-item-wrap g-s-list-wrap\"><span class=\"gutentor-single-list-item-icon\"><i class=\"list-item-icon fas fa-arrow-right\"><\/i><\/span><span class=\"gutentor-list-item\"><p class=\"gutentor-single-item-title\">Unf\u00e4llen mit schweren Verletzungen<\/p><\/span><\/span><\/span><\/li><li class=\"gutentor-list-item grid-lg-12 grid-md-12 grid-12\"><span class=\"gutentor-single-item gutentor-single-item-3\"><span class=\"gutentor-list-item-wrap g-s-list-wrap\"><span class=\"gutentor-single-list-item-icon\"><i class=\"list-item-icon fas fa-arrow-right\"><\/i><\/span><span class=\"gutentor-list-item\"><p class=\"gutentor-single-item-title\">gro\u00dfem Blutverlust<\/p><\/span><\/span><\/span><\/li><li class=\"gutentor-list-item grid-lg-12 grid-md-12 grid-12\"><span class=\"gutentor-single-item gutentor-single-item-4\"><span class=\"gutentor-list-item-wrap g-s-list-wrap\"><span class=\"gutentor-single-list-item-icon\"><i class=\"list-item-icon fas fa-arrow-right\"><\/i><\/span><span class=\"gutentor-list-item\"><p class=\"gutentor-single-item-title\"><a href=\"https:\/\/www.apotheken-umschau.de\/Allergie\/Allergischer-Schock-Was-tun-106719.html\" target=\"_blank\" rel=\"noreferrer noopener\">allergischem Schock (Anaphylaxie)<\/a><\/p><\/span><\/span><\/span><\/li><li class=\"gutentor-list-item grid-lg-12 grid-md-12 grid-12\"><span class=\"gutentor-single-item gutentor-single-item-5\"><span class=\"gutentor-list-item-wrap g-s-list-wrap\"><span class=\"gutentor-single-list-item-icon\"><i class=\"list-item-icon fas fa-arrow-right\"><\/i><\/span><span class=\"gutentor-list-item\"><p class=\"gutentor-single-item-title\">Anzeichen f\u00fcr\u00a0<a href=\"https:\/\/www.apotheken-umschau.de\/Herzinfarkt\" target=\"_blank\" rel=\"noreferrer noopener\">Herzinfarkt<\/a>\u00a0oder\u00a0<a href=\"https:\/\/www.apotheken-umschau.de\/Lungenembolie\" target=\"_blank\" rel=\"noreferrer noopener\">Lungenembolie<\/a>\u00a0wie pl\u00f6tzlichem\u00a0<a href=\"https:\/\/www.apotheken-umschau.de\/brustschmerzen\" target=\"_blank\" rel=\"noreferrer noopener\">Brustschmerz<\/a><\/p><\/span><\/span><\/span><\/li><li class=\"gutentor-list-item grid-lg-12 grid-md-12 grid-12\"><span class=\"gutentor-single-item gutentor-single-item-6\"><span class=\"gutentor-list-item-wrap g-s-list-wrap\"><span class=\"gutentor-single-list-item-icon\"><i class=\"list-item-icon fas fa-arrow-right\"><\/i><\/span><span class=\"gutentor-list-item\"><p class=\"gutentor-single-item-title\"><a href=\"https:\/\/www.apotheken-umschau.de\/Schlaganfall\/Die-Symptome-eines-Schlaganfalls-erkennen--113617.html\" target=\"_blank\" rel=\"noreferrer noopener\">m\u00f6glichen Symptomen<\/a>\u00a0eines\u00a0<a href=\"https:\/\/www.apotheken-umschau.de\/Schlaganfall\" target=\"_blank\" rel=\"noreferrer noopener\">Schlaganfalls<\/a>\u00a0wie neu aufgetretenen Sprachst\u00f6rungen,\u00a0<a href=\"https:\/\/www.apotheken-umschau.de\/augen\/sehstoerungen\" target=\"_blank\" rel=\"noreferrer noopener\">Sehst\u00f6rungen<\/a>\u00a0oder L\u00e4hmungserscheinungen<\/p><\/span><\/span><\/span><\/li><li class=\"gutentor-list-item grid-lg-12 grid-md-12 grid-12\"><span class=\"gutentor-single-item gutentor-single-item-7\"><span class=\"gutentor-list-item-wrap g-s-list-wrap\"><span class=\"gutentor-single-list-item-icon\"><i class=\"list-item-icon fas fa-arrow-right\"><\/i><\/span><span class=\"gutentor-list-item\"><p class=\"gutentor-single-item-title\">starken\u00a0<a href=\"https:\/\/www.apotheken-umschau.de\/Schmerz\" target=\"_blank\" rel=\"noreferrer noopener\">Schmerzen<\/a>\u00a0(mit Ausma\u00dfen wie Geburtswehen)<\/p><\/span><\/span><\/span><\/li><\/ul><\/div>\n<\/div><\/div>\n\n\n\n<div id=\"col-gmc094fa\" class=\"wp-block-gutentor-m4-col col-gmc094fa gutentor-single-column  grid-lg-6 grid-md-12 grid-12\"><div id=\"section-gmc094fa\" class=\"section-gmc094fa gutentor-col-wrap\">\n<div id=\"section-ge43c52\" class=\"wp-block-gutentor-e1 section-ge43c52 gutentor-element gutentor-element-advanced-text\"><div class=\"gutentor-text-wrap\"><h4 class=\"gutentor-text\"><strong>116 117 \u2013 \u00c4rztliche Bereitschaftsdienstzentrale<\/strong><\/h4><\/div><\/div>\n\n\n\n<div id=\"section-g636b5b\" class=\"wp-block-gutentor-e1 section-g636b5b gutentor-element gutentor-element-advanced-text\"><div class=\"gutentor-text-wrap\"><p class=\"gutentor-text\">w\u00e4hlen Sie diese Nummer in dringenden jedoch nicht lebensbedrohlichen Zust\u00e4nden<br>24 Stunden t\u00e4glich, 7 Tage w\u00f6chentlich, au\u00dferhalb unserer \u00d6ffnungszeiten<\/p><\/div><\/div>\n\n\n\n<div id=\"section-gcc169f\" class=\"wp-block-gutentor-e1 section-gcc169f gutentor-element gutentor-element-advanced-text\"><div class=\"gutentor-text-wrap\"><p class=\"gutentor-text\">Standort: <br>Krankenhaus Usingen<br>Weilburger Str. 48<br>61250 Usingen<\/p><\/div><\/div>\n\n\n\n<div id=\"section-gea13bb\" class=\"wp-block-gutentor-e1 section-gea13bb gutentor-element gutentor-element-advanced-text\"><div class=\"gutentor-text-wrap\"><p class=\"gutentor-text\"><strong>Giftnotrufzentrale:<\/strong><\/p><\/div><\/div>\n\n\n\n<div id=\"section-g1645fa\" class=\"wp-block-gutentor-e1 section-g1645fa gutentor-element gutentor-element-advanced-text\"><div class=\"gutentor-text-wrap\"><p class=\"gutentor-text\">+49 6131-19240<br><br><mark class=\"has-inline-color has-vivid-red-color\"><strong>Augenklinik Frankfurt-H\u00f6chst<\/strong>:<\/mark><br><br>Gotenstr. 6-9, 65929 Frankfurt\/Main<br>Tel.: 069\/31062975<br><br><mark class=\"has-inline-color has-vivid-red-color\"><strong>Augenklinik Helios Kliniken Wiesbaden:<\/strong><\/mark><br><br>Ludwig-Erhard-Stra\u00dfe 100, 65199 Wiesbaden<br>Tel.: 0611\/432020<\/p><\/div><\/div>\n<\/div><\/div>\n<\/div><\/div><\/section>\n\n\n\n<section id=\"gmc636fd2\" class=\"wp-block-gutentor-m4 section-gmc636fd2 gutentor-module gutentor-advanced-columns\"><div class=\"grid-container\"><div class=\"grid-row\">\n<div id=\"col-gmdfeb64\" class=\"wp-block-gutentor-m4-col col-gmdfeb64 gutentor-single-column  grid-lg-12 grid-md-12 grid-12\"><div id=\"section-gmdfeb64\" class=\"section-gmdfeb64 gutentor-col-wrap\">\n<section id=\"cd901e\" class=\"section-cd901e gutentor-module gutentor-module-accordion\"><div class=\"grid-container\">\n<div id=\"8a8959\" class=\"wp-block-gutentor-m6-item section-8a8959 gutentor-module gutentor-module-accordion-item\"><div class=\"gutentor-module-accordion-panel g-a-panel-cd901e\"><div class=\"gm-ah-cd901e gutentor-module-accordion-item-heading gutentor-module-icon-position-left\"><span class=\"gutentor-module-accordion-panel-handler\" role=\"button\"><span class=\"gutentor-module-accordion-icon\"><i class=\"gm-aio-cd901e gutentor-module-accordion-icon-open fas fa-angle-double-down\"><\/i><i class=\"gm-aic-cd901e gutentor-module-accordion-icon-close fas fa-angle-double-up\"><\/i><\/span><span class=\"gutentor-module-accordion-panel-handler-label\">Apotheken in Usingen<\/span><\/span><\/div><div class=\"gm-ab-cd901e gutentor-module-accordion-body\">\n<div id=\"section-ge70618\" class=\"wp-block-gutentor-e0 section-ge70618 gutentor-element gutentor-element-advanced-text\"><div class=\"gutentor-text-wrap\"><p class=\"gutentor-text\"><strong>Adler Apotheke<\/strong><br>Obergasse 13, 61250 Usingen<br>Tel.: 06081\/ 66742<br>\u00d6ffnungszeiten: Mo. \u2013 Sa.: 08:30 \u2013 13:00 Uhr, Mo. \u2013 Fr.: 14:30 \u2013 18:30 Uhr<br><br><strong>Amts-Apotheke<\/strong><br>Marktplatz 17-19, 61250 Usingen<br>Tel.: 06081\/ 10100<br>\u00d6ffnungszeiten: Mo. \u2013 Do.: 08:30 \u2013 13:00 Uhr und 14:30 &#8211; 18:30 Uhr, Fr.: 8:30 &#8211; 18:30 Uhr Sa.: 8:30 \u2013 13:00 Uhr<br><br><strong>Riedborn-Apotheke e.K.<\/strong><br>Am Riedborn 26-28, 61250 Usingen<br>Tel.: 06081\/ 911169<br>\u00d6ffnungszeiten: Mo. \u2013 Fr.: 08:30 \u2013 18:30 Uhr, Sa.: 9:00 &#8211; 14:00 Uhr<br><br><strong>Easy Apotheke<\/strong><br>Neuer Markplatz 2, 61250 Usingen<br>Tel.: 06081\/ 5848830<br>\u00d6ffnungszeiten: Mo. &#8211; Fr. 8:30 &#8211; 19:00 Uhr, Sa. 9:00 &#8211; 16:00 Uhr<br><br><strong>Apotheken-Notdienst-Suche (ohne Gew\u00e4hr):<\/strong><\/p><\/div><\/div>\n\n\n\n<div id=\"section-g2f13c5\" class=\"wp-block-gutentor-e7 section-g2f13c5 gutentor-element gutentor-element-list\"><ul class=\"grid-row gutentor-grid-item-wrap list-indicator-icon\"><li class=\"gutentor-list-item grid-lg-12 grid-md-12 grid-12\"><span class=\"gutentor-single-item gutentor-single-item-0\"><span class=\"gutentor-list-item-wrap g-s-list-wrap\"><span class=\"gutentor-single-list-item-icon\"><i class=\"list-item-icon fas fa-arrow-right\"><\/i><\/span><span class=\"gutentor-list-item\"><p class=\"gutentor-single-item-title\"><a href=\"http:\/\/home.meinestadt.de\/usingen\/gesundheit\/notdienst-apotheke\" target=\"_blank\" rel=\"noreferrer noopener\">http:\/\/home.meinestadt.de\/usingen\/gesundheit\/notdienst-apotheke<\/a><\/p><\/span><\/span><\/span><\/li><\/ul><\/div>\n<\/div><\/div><\/div>\n\n\n\n<div id=\"79af62\" class=\"wp-block-gutentor-m6-item section-79af62 gutentor-module gutentor-module-accordion-item\"><div class=\"gutentor-module-accordion-panel g-a-panel-cd901e\"><div class=\"gm-ah-cd901e gutentor-module-accordion-item-heading gutentor-module-icon-position-left\"><span class=\"gutentor-module-accordion-panel-handler\" role=\"button\"><span class=\"gutentor-module-accordion-icon\"><i class=\"gm-aio-cd901e gutentor-module-accordion-icon-open fas fa-angle-double-down\"><\/i><i class=\"gm-aic-cd901e gutentor-module-accordion-icon-close fas fa-angle-double-up\"><\/i><\/span><span class=\"gutentor-module-accordion-panel-handler-label\">n\u00e4chstgelegene Krankenh\u00e4user\/ Kliniken<\/span><\/span><\/div><div class=\"gm-ab-cd901e gutentor-module-accordion-body\">\n<div id=\"section-g315372\" class=\"wp-block-gutentor-e0 section-g315372 gutentor-element gutentor-element-advanced-text\"><div class=\"gutentor-text-wrap\"><p class=\"gutentor-text\"><strong>Hochtaunus-Kliniken gGmbH<br><\/strong>Krankenhaus Usingen<br>Weilburger Str. 48<br>61250 Usingen<br>Telefon 06081 \/ 107-0<br><br><strong>Hochtaunus-Kliniken gGmbH<br><\/strong>Krankenhaus Bad Homburg<br>Zeppelinstr. 20<br>61352 Bad Homburg v.d.H.<br>Tel.: (06172) 14-0<br><br><strong>Vitos Klinik K\u00f6ppern (akute psychische Erkrankungen)<br><\/strong>Vitos Klinik K\u00f6ppern<br>Emil-Sioli-Weg 1-3<br>61381 Friedrichsdorf<br>Tel.: (06175) 791 \u2013 1<\/p><\/div><\/div>\n<\/div><\/div><\/div>\n<\/div><\/section>\n<\/div><\/div>\n<\/div><\/div><\/section>\n","protected":false},"excerpt":{"rendered":"","protected":false},"author":1,"featured_media":0,"parent":0,"menu_order":0,"comment_status":"closed","ping_status":"closed","template":"template-gutentor-full-width.php","meta":{"footnotes":""},"class_list":["post-177","page","type-page","status-publish","hentry"],"_links":{"self":[{"href":"https:\/\/praxis-goette.de\/content\/wp-json\/wp\/v2\/pages\/177","targetHints":{"allow":["GET"]}}],"collection":[{"href":"https:\/\/praxis-goette.de\/content\/wp-json\/wp\/v2\/pages"}],"about":[{"href":"https:\/\/praxis-goette.de\/content\/wp-json\/wp\/v2\/types\/page"}],"author":[{"embeddable":true,"href":"https:\/\/praxis-goette.de\/content\/wp-json\/wp\/v2\/users\/1"}],"replies":[{"embeddable":true,"href":"https:\/\/praxis-goette.de\/content\/wp-json\/wp\/v2\/comments?post=177"}],"version-history":[{"count":17,"href":"https:\/\/praxis-goette.de\/content\/wp-json\/wp\/v2\/pages\/177\/revisions"}],"predecessor-version":[{"id":785,"href":"https:\/\/praxis-goette.de\/content\/wp-json\/wp\/v2\/pages\/177\/revisions\/785"}],"wp:attachment":[{"href":"https:\/\/praxis-goette.de\/content\/wp-json\/wp\/v2\/media?parent=177"}],"curies":[{"name":"wp","href":"https:\/\/api.w.org\/{rel}","templated":true}]}}