{"id":217,"date":"2021-11-09T14:35:05","date_gmt":"2021-11-09T13:35:05","guid":{"rendered":"https:\/\/praxis-goette.de\/content\/?page_id=217"},"modified":"2021-11-09T14:35:05","modified_gmt":"2021-11-09T13:35:05","slug":"datenschutz","status":"publish","type":"page","link":"https:\/\/praxis-goette.de\/content\/datenschutz\/","title":{"rendered":"Datenschutz"},"content":{"rendered":"\n<section id=\"gm753d57d\" class=\"wp-block-gutentor-m4 section-gm753d57d gutentor-module gutentor-advanced-columns\"><div class=\"grid-container\"><div class=\"grid-row\">\n<div id=\"col-gmaab8eb\" class=\"wp-block-gutentor-m4-col col-gmaab8eb gutentor-single-column  grid-lg-12 grid-md-12 grid-12\"><div id=\"section-gmaab8eb\" class=\"section-gmaab8eb gutentor-col-wrap\">\n<div id=\"section-g21f125\" class=\"wp-block-gutentor-e1 section-g21f125 gutentor-element gutentor-element-advanced-text\"><div class=\"gutentor-text-wrap\"><h3 class=\"gutentor-text\">Datenschutzerkl\u00e4rung<\/h3><\/div><\/div>\n\n\n\n<div id=\"section-gdae212\" class=\"wp-block-gutentor-e1 section-gdae212 gutentor-element gutentor-element-advanced-text\"><div class=\"gutentor-text-wrap\"><p class=\"gutentor-text\">Diese Datenschutzerkl\u00e4rung gilt f\u00fcr das Internet-Angebot www.praxis-goette.de. Diese ist f\u00fcr die Inhalte dieses Internet-Angebotes verantwortlich.<br>Verweise auf fremde Inhalte sind kenntlich gemacht.<br><br><strong>Datenverarbeitung im Auftrag<\/strong><br>Dieses Internet-Angebot wird im Wege der Auftragsdatenverarbeitung von WordPress als technischem Dienstleister vorgehalten. Dabei findet keine \u00fcber das in dieser Erkl\u00e4rung dargestellte Ma\u00df hinausgehende Speicherung und Verarbeitung personenbezogener Nutzungsdaten statt.<br><br><strong>Erhebung von Nutzungsdaten\/ Nutzungsanalyse<\/strong><br>Beim Zugriff auf unser Internet-Angebot erfassen wir folgende Daten in einer Protokolldatei:<br>IP-Adresse in anonymisierter Form<br>Zeitpunkt des Zugriffs<br>aufgerufene Seite bzw. Name der abgerufenen Datei (URL)<br>Status-Information (z.B. Fehlercodes)<br>\u00fcbertragene Datenmenge<br>Browser-Informationen ( genutzter Web-Browser, Betriebssystem, Spracheinstellung ect.)<br>Die Daten werden ausschlie\u00dflich f\u00fcr statistische Zwecke genutzt. Eine Weitergabe an Dritte erfolgt NICHT. Dieses Internet-Angebot verwendet keine Techniken, die darauf abzielen, das Zugriffsverhalten einzelner Nutzer auszuwerten. Personenbezogene Nutzungsprofile werden nicht erstellt.<br><br><strong>Links zu anderen Websiten<\/strong><br>Unser Internet-Angebot enth\u00e4lt Verweise zu Inhalten anderen Anbietern. Diese sind durch die Angabe explizierter Links ( z.B. mit www.internetseite.de), anhand entsprechender Hinweise im Text erkennbar. Au\u00dferdem werden externe Verweise in einem eigenen Browserfenster ge\u00f6ffnet. Die Nutzung dieser fremdem Inhalte unterliegt gegebenenfalls anderen Vorgaben als den hier dargestellten.<br>Das Landgericht (LG) Hamburg hat in einem Urteil vom 12. Mai 1998 (Az.: 312 O 85\/98) entschieden, dass die Anbringung eines Links dazu f\u00fchren kann, dass der Verlinkende die Inhalte der Seite, auf die er verlinkt, ggf. mit zu verantworten hat. Dies k\u00f6nne nur dadurch verhindert werden, dass man sich ausdr\u00fccklich von diesen Inhalten distanziert. Dies tun wir hiermit: Wir distanzieren uns ausdr\u00fccklich von allen Inhalten aller Seiten, auf die wir verlinken, und machen uns diese Inhalte nicht zu eigen. Diese Erkl\u00e4rung gilt f\u00fcr alle auf dieser Website angebrachten Links.<br>In keinem Fall sind wir verantwortlich f\u00fcr die Inhalte von Internetseiten, die auf uns verweisen. Wir sind auch nicht in der Lage, Verweise auf uns festzustellen oder zu \u00fcberpr\u00fcfen. Wir haben ferner keinen Einfluss darauf, wie die hier angebotenen Informationen vom Nutzer verwendet, weitergegeben oder ver\u00e4ndert weitergegeben werden. Wir k\u00f6nnen daher f\u00fcr entstandene Sch\u00e4den, entgangene Vorteile oder sonstige mittelbare oder unmittelbare Folgen, welche aus der Nutzung der hier angebotenen Informationen entstehen, nicht haftbar gemacht werden.<br><br><strong>Cookies<\/strong><br>In bestimmten F\u00e4llen werden sogenannte tempor\u00e4re Cookies verwendet. Diese enthalten keine personenbezogenen Daten und werden nach Ablauf der Sitzung mit dem Schlie\u00dfen Ihres Web-Browsers automatisch gel\u00f6scht. Im Fall einer Verlinkung k\u00f6nnen Cookies von Drittanbietern zum Einsatz kommen, ohne dass wir Sie ausdr\u00fccklich darauf hinweisen k\u00f6nnen. Die g\u00e4ngigen Browser erlauben es, die Verarbeitung solcher Cookies festzulegen, so dass Sie das Speichern dieser Cookies deaktivieren\u00a0 bzw. die Art der Verarbeitung durch Ihren Browser einstellen k\u00f6nnen.<br><br><strong>Erhebung personenbezogener Daten in Online-Formularen<\/strong><br>Soweit wir Sie ihm Rahmen dieses Angebots um die Angabe personenbezogener Daten bitten ( z.B. Name, Anschrift, oder Mail-Adresse), sagen wir Ihnen im jeweiligen Online-Formular, f\u00fcr welchen Zweck wir diese erheben und wie wir sie verarbeiten. Es unterliegt Ihrer freien Entscheidung, ob Sie diese Daten angeben.<br><br><strong>Auskunftsrechte<\/strong><br>Auskunftsrechte k\u00f6nnen schriftlich oder per Mail gegen\u00fcber dem im Impressum genannten Stellen geltend gemacht werden. dies gilt auch f\u00fcr Widerspr\u00fcche zu einer erteilten Einwilligungserkl\u00e4rung.<br><br><strong>Verschl\u00fcsselung<\/strong><br>Das Angebot der Kontaktaufnahme unterst\u00fctzt gegenw\u00e4rtig keine Datenverschl\u00fcsselung. Bei der \u00dcbertragung\u00a0 Ihrer Daten im Internet besteht daher die M\u00f6glichkeit, dass diese durch Unbefugt zur Kenntnis genommen oder ver\u00e4ndert werden k\u00f6nnen.<br><br>Alle Anfragen, die uns erreichen, werden vertraulich behandelt und nach M\u00f6glichkeit werktags noch am selben Tag beantwortet.<\/p><\/div><\/div>\n<\/div><\/div>\n<\/div><\/div><\/section>\n","protected":false},"excerpt":{"rendered":"","protected":false},"author":1,"featured_media":0,"parent":0,"menu_order":0,"comment_status":"closed","ping_status":"closed","template":"template-gutentor-full-width.php","meta":{"footnotes":""},"class_list":["post-217","page","type-page","status-publish","hentry"],"_links":{"self":[{"href":"https:\/\/praxis-goette.de\/content\/wp-json\/wp\/v2\/pages\/217","targetHints":{"allow":["GET"]}}],"collection":[{"href":"https:\/\/praxis-goette.de\/content\/wp-json\/wp\/v2\/pages"}],"about":[{"href":"https:\/\/praxis-goette.de\/content\/wp-json\/wp\/v2\/types\/page"}],"author":[{"embeddable":true,"href":"https:\/\/praxis-goette.de\/content\/wp-json\/wp\/v2\/users\/1"}],"replies":[{"embeddable":true,"href":"https:\/\/praxis-goette.de\/content\/wp-json\/wp\/v2\/comments?post=217"}],"version-history":[{"count":1,"href":"https:\/\/praxis-goette.de\/content\/wp-json\/wp\/v2\/pages\/217\/revisions"}],"predecessor-version":[{"id":218,"href":"https:\/\/praxis-goette.de\/content\/wp-json\/wp\/v2\/pages\/217\/revisions\/218"}],"wp:attachment":[{"href":"https:\/\/praxis-goette.de\/content\/wp-json\/wp\/v2\/media?parent=217"}],"curies":[{"name":"wp","href":"https:\/\/api.w.org\/{rel}","templated":true}]}}