{"id":52,"date":"2019-10-31T07:46:42","date_gmt":"2019-10-31T07:46:42","guid":{"rendered":"https:\/\/www.demo.cosmoswp.com\/demo-9\/?page_id=4"},"modified":"2025-05-27T14:53:13","modified_gmt":"2025-05-27T12:53:13","slug":"home","status":"publish","type":"page","link":"https:\/\/praxis-goette.de\/content\/","title":{"rendered":"Home"},"content":{"rendered":"\n<section id=\"section-5ec6fc72-4a48-459c-a248-c7cd33d7608c\" class=\"wp-block-gutentor-image-slider gutentor-section gutentor-image-slider imageSlider-template1 text-left\"><div class=\"gutentor-grid-item-wrap\"><div class=\"gutentor-slider-wrapper\" data-dots=\"false\" data-arrows=\"true\" data-infinite=\"false\" data-nextarrow=\"fas fa-angle-right\" data-prevarrow=\"fas fa-angle-left\" data-autoplay=\"false\" data-autoplayspeed=\"2000\" data-fade=\"false\" data-speed=\"1400\"><div class=\"gutentor-slider-item\"><div class=\"gutentor-single-item gutentor-single-item-0\"><div class=\"gutentor-single-item-wrap\"><div class=\"gutentor-single-item-image-box\"><div class=\"gutentor-bg-image\"><div class=\"overlay\"><\/div><\/div><\/div><div class=\"gutentor-single-item-content\"><div class=\"grid-container\"><div class=\"slider-caption text-left\"><h3 class=\"gutentor-single-item-title\"><\/h3><p class=\"gutentor-single-item-desc\"><\/p><\/div><\/div><\/div><\/div><\/div><\/div><\/div><\/div><\/section>\n\n\n\n<section id=\"gm3e4ba6a\" class=\"wp-block-gutentor-m4 section-gm3e4ba6a gutentor-module gutentor-advanced-columns has-image-bg has-custom-bg\"><div class=\"grid-container\"><div class=\"grid-row\">\n<div id=\"col-gm95c5b8\" class=\"wp-block-gutentor-m4-col col-gm95c5b8 gutentor-single-column  grid-lg-9 grid-md-12 grid-12\"><div id=\"section-gm95c5b8\" class=\"section-gm95c5b8 gutentor-col-wrap\">\n<div id=\"section-ge38eb8\" class=\"wp-block-gutentor-e1 section-ge38eb8 gutentor-element gutentor-element-advanced-text\"><div class=\"gutentor-text-wrap\"><h3 class=\"gutentor-text\"><strong><br><\/strong>Herzlich willkommen!<\/h3><\/div><\/div>\n\n\n\n<div id=\"section-g-4dudiwz\" class=\"wp-block-gutentor-e1 section-g-4dudiwz gutentor-element gutentor-element-advanced-text\"><div class=\"gutentor-text-wrap\"><h5 class=\"gutentor-text\">Das Praxisteam Ulrike G\u00f6tte freut sich \u00fcber Ihren Besuch<\/h5><\/div><\/div>\n\n\n\n<div id=\"section-gae1a6e\" class=\"wp-block-gutentor-e1 section-gae1a6e gutentor-element gutentor-element-advanced-text\"><div class=\"gutentor-text-wrap\"><p class=\"gutentor-text\">Auf den folgenden Seiten k\u00f6nnen Sie sich \u00fcber die Praxis und unser Leistungsspektrum informieren. Sie erhalten bei uns alle Vorteile der Versorgung durch eine Facharztpraxis f\u00fcr Allgemeinmedizin. Dar\u00fcber hinaus bieten wir Ihnen ein breites Angebot zur Erhaltung und F\u00f6rderung Ihrer Gesundheit.<\/p><\/div><\/div>\n\n\n\n<div id=\"section-gd054e2\" class=\"wp-block-gutentor-e1 section-gd054e2 gutentor-element gutentor-element-advanced-text\"><div class=\"gutentor-text-wrap\"><p class=\"gutentor-text\">Unser Ziel ist es, Ihre Gesundheit zu erhalten und Ihnen eine m\u00f6glichst schnelle und effektive Diagnostik und Therapie zu bieten. Dazu bieten wir umfassende Vorsorgeleistungen wie Gesundheits-Check-up und Krebsvorsorge an. Bei eingetretener Krankheit m\u00f6chten wir Sie in Ihrer medizinischen Behandlung begleiten und Ihr Leiden lindern.<\/p><\/div><\/div>\n\n\n\n<div id=\"section-g8f92be\" class=\"wp-block-gutentor-e1 section-g8f92be gutentor-element gutentor-element-advanced-text\"><div class=\"gutentor-text-wrap\"><p class=\"gutentor-text\">Zudem m\u00f6chten wir Ihnen helfen, durch Wissensvermittlung und Beratung ihre medizinische Selbstverantwortung zu st\u00e4rken. Wir sehen das Arzt-Patienten-Verh\u00e4ltnis als ein Verh\u00e4ltnis auf Augenh\u00f6he. Wir werden Ihre \u00c4ngste und N\u00f6te ernst nehmen und Sie im komplizierten Gesundheitssystem begleiten.<\/p><\/div><\/div>\n\n\n\n<div id=\"section-g2e8760\" class=\"wp-block-gutentor-e1 section-g2e8760 gutentor-element gutentor-element-advanced-text\"><div class=\"gutentor-text-wrap\"><h4 class=\"gutentor-text\">Dabei steht die pers\u00f6nliche und individuelle Betreuung unserer Patienten im Mittelpunkt. Wir wissen: Nur wenn Sie sich bei uns gut aufgehoben f\u00fchlen, k\u00f6nnen wir optimal f\u00fcr Ihre Gesundheit sorgen.<\/h4><\/div><\/div>\n\n\n\n<div id=\"section-gcc2384\" class=\"wp-block-gutentor-e1 section-gcc2384 gutentor-element gutentor-element-advanced-text\"><div class=\"gutentor-text-wrap\"><p class=\"gutentor-text\">Unsere Praxis ist im ehemaligen Kortheuer Haus gelegen und 2015 komplett neu eingerichtet und gestaltet worden. Sie ist barrierefrei mit einem Aufzug zu erreichen und mit einer behindertengerechten Toilette ausgestattet.&nbsp;Es erwarten Sie helle R\u00e4umlichkeiten in denen wir Sie in zwei Behandlungszimmern und unserem Labor gerne beraten und behandeln. Vor dem Geb\u00e4ude stehen Ihnen ausgewiesene Patientenparkpl\u00e4tze zur Verf\u00fcgung.<\/p><\/div><\/div>\n<\/div><\/div>\n\n\n\n<div id=\"col-gm7b74cb\" class=\"wp-block-gutentor-m4-col col-gm7b74cb gutentor-single-column  grid-lg-3 grid-md-12 grid-12\"><div id=\"section-gm7b74cb\" class=\"section-gm7b74cb gutentor-col-wrap\">\n<section id=\"section-0fac7589-5197-4f1b-b766-6a1a305aae84\" class=\"wp-block-gutentor-content-box gutentor-section gutentor-content-box-wrapper content-template1\"><div class=\"grid-container\"><div class=\"grid-row gutentor-grid-item-wrap\"><div class=\"gutentor-grid-column grid-lg-12 grid-md-4 grid-12\"><div class=\"gutentor-single-item gutentor-single-item-0\"><div class=\"gutentor-single-item-wrap\"><div class=\"gutentor-single-item-content\"><h4 class=\"gutentor-single-item-title\"><strong>Sprechstunde<\/strong><\/h4><p class=\"gutentor-single-item-desc\">Termine vereinbaren wir nicht via Mail.<br>Bitte rufen Sie uns zur Terminvereinbarung an!<br><strong>Montag bis Freitag: <\/strong><br>7:30 Uhr bis 11:00 Uhr<br><strong>Dienstag:<\/strong><br>15:30 Uhr bis 17:30 Uhr<\/p><\/div><\/div><\/div><\/div><div class=\"gutentor-grid-column grid-lg-12 grid-md-4 grid-12\"><div class=\"gutentor-single-item gutentor-single-item-1\"><div class=\"gutentor-single-item-wrap\"><div class=\"gutentor-single-item-content\"><h4 class=\"gutentor-single-item-title\"><strong>Telefon<\/strong><\/h4><p class=\"gutentor-single-item-desc\"><strong>06081\/2588<\/strong><\/p><\/div><\/div><\/div><\/div><\/div><\/div><\/section>\n<\/div><\/div>\n<\/div><\/div><\/section>\n","protected":false},"excerpt":{"rendered":"","protected":false},"author":1,"featured_media":0,"parent":0,"menu_order":0,"comment_status":"closed","ping_status":"closed","template":"template-gutentor-full-width.php","meta":{"footnotes":""},"class_list":["post-52","page","type-page","status-publish","hentry"],"_links":{"self":[{"href":"https:\/\/praxis-goette.de\/content\/wp-json\/wp\/v2\/pages\/52","targetHints":{"allow":["GET"]}}],"collection":[{"href":"https:\/\/praxis-goette.de\/content\/wp-json\/wp\/v2\/pages"}],"about":[{"href":"https:\/\/praxis-goette.de\/content\/wp-json\/wp\/v2\/types\/page"}],"author":[{"embeddable":true,"href":"https:\/\/praxis-goette.de\/content\/wp-json\/wp\/v2\/users\/1"}],"replies":[{"embeddable":true,"href":"https:\/\/praxis-goette.de\/content\/wp-json\/wp\/v2\/comments?post=52"}],"version-history":[{"count":47,"href":"https:\/\/praxis-goette.de\/content\/wp-json\/wp\/v2\/pages\/52\/revisions"}],"predecessor-version":[{"id":794,"href":"https:\/\/praxis-goette.de\/content\/wp-json\/wp\/v2\/pages\/52\/revisions\/794"}],"wp:attachment":[{"href":"https:\/\/praxis-goette.de\/content\/wp-json\/wp\/v2\/media?parent=52"}],"curies":[{"name":"wp","href":"https:\/\/api.w.org\/{rel}","templated":true}]}}