{"id":733,"date":"2025-04-01T10:08:03","date_gmt":"2025-04-01T08:08:03","guid":{"rendered":"https:\/\/praxis-goette.de\/content\/?page_id=733"},"modified":"2025-05-27T13:32:07","modified_gmt":"2025-05-27T11:32:07","slug":"hausarztmodell","status":"publish","type":"page","link":"https:\/\/praxis-goette.de\/content\/hausarztmodell\/","title":{"rendered":"Hausarztmodell"},"content":{"rendered":"\n<div id=\"section-g-ccpc5ig\" class=\"wp-block-gutentor-e1 section-g-ccpc5ig gutentor-element gutentor-element-advanced-text\"><div class=\"gutentor-text-wrap\"><p class=\"gutentor-text\"><\/p><\/div><\/div>\n\n\n\n<figure class=\"wp-block-image\"><img loading=\"lazy\" decoding=\"async\" width=\"2560\" height=\"800\" src=\"https:\/\/praxis-goette.de\/content\/wp-content\/uploads\/2025\/04\/HZV-Webbanner_1920x600_96.png\" alt=\"\" class=\"wp-image-729\" srcset=\"https:\/\/praxis-goette.de\/content\/wp-content\/uploads\/2025\/04\/HZV-Webbanner_1920x600_96.png 2560w, https:\/\/praxis-goette.de\/content\/wp-content\/uploads\/2025\/04\/HZV-Webbanner_1920x600_96-300x94.png 300w, https:\/\/praxis-goette.de\/content\/wp-content\/uploads\/2025\/04\/HZV-Webbanner_1920x600_96-1024x320.png 1024w, https:\/\/praxis-goette.de\/content\/wp-content\/uploads\/2025\/04\/HZV-Webbanner_1920x600_96-768x240.png 768w, https:\/\/praxis-goette.de\/content\/wp-content\/uploads\/2025\/04\/HZV-Webbanner_1920x600_96-1536x480.png 1536w, https:\/\/praxis-goette.de\/content\/wp-content\/uploads\/2025\/04\/HZV-Webbanner_1920x600_96-2048x640.png 2048w\" sizes=\"auto, (max-width: 2560px) 100vw, 2560px\" \/><\/figure>\n\n\n\n<section id=\"g-vj94u5v\" class=\"wp-block-gutentor-m4 section-g-vj94u5v gutentor-module gutentor-advanced-columns\"><div class=\"grid-container\"><div class=\"grid-row\">\n<div id=\"col-g-2vnzgyt\" class=\"wp-block-gutentor-m4-col col-g-2vnzgyt gutentor-single-column  grid-lg-12 grid-md-12 grid-12\"><div id=\"section-g-2vnzgyt\" class=\"section-g-2vnzgyt gutentor-col-wrap\">\n<div id=\"section-g-y3yhlbo\" class=\"wp-block-gutentor-e1 section-g-y3yhlbo gutentor-element gutentor-element-advanced-text\"><div class=\"gutentor-text-wrap\"><p class=\"gutentor-text\"><strong>Wir nehmen am Hausarztprogramm teil: Sie auch schon?<br>Jetzt kostenlos einschreiben und von vielen Vorteilen profitieren.<\/strong><br><br>Im Hausarztprogramm, auch Hausarztzentrierte Versorgung (HZV) genannt, sind wir als Praxis Ihres Vertrauens Ihre erste Anlaufstelle in Sachen Gesundheit. Das erm\u00f6glicht eine hochwertige, zukunftsf\u00e4hige Versorgung und st\u00e4rkt die Rolle Ihrer Haus\u00e4rztin \/ Ihres Hausarztes. Denn Ihre Teilnahme am Hausarztprogramm tr\u00e4gt zum Fortbestand unseres haus\u00e4rztlichen Praxisteams bei.<br><br><strong>Drei gute Gr\u00fcnde f\u00fcr Ihre Teilnahme am Hausarztprogramm:<\/strong><br><\/p><\/div><\/div>\n\n\n\n<div id=\"section-g-1446fs4\" class=\"wp-block-gutentor-e7 section-g-1446fs4 gutentor-element gutentor-element-list\"><ul class=\"grid-row gutentor-grid-item-wrap list-indicator-icon\"><li class=\"gutentor-list-item grid-lg-12 grid-md-12 grid-12\"><span class=\"gutentor-single-item gutentor-single-item-0\"><span class=\"gutentor-list-item-wrap g-s-list-wrap\"><span class=\"gutentor-single-list-item-icon\"><i class=\"list-item-icon fas fa-check\"><\/i><\/span><span class=\"gutentor-list-item\"><p class=\"gutentor-single-item-title\"><strong>Ein Anlaufpunkt f\u00fcr alle Gesundheitsfragen<\/strong> Alle Behandlungsdaten laufen in Ihrer haus\u00e4rztlichen Praxis zusammen. Sie beh\u00e4lt den<br>\u00dcberblick \u00fcber Ihre Krankengeschichte und koordiniert Ihre Behandlung optimal.<\/p><\/span><\/span><\/span><\/li><li class=\"gutentor-list-item grid-lg-12 grid-md-12 grid-12\"><span class=\"gutentor-single-item gutentor-single-item-1\"><span class=\"gutentor-list-item-wrap g-s-list-wrap\"><span class=\"gutentor-single-list-item-icon\"><i class=\"list-item-icon fas fa-check\"><\/i><\/span><span class=\"gutentor-list-item\"><p class=\"gutentor-single-item-title\"><strong>Nachweislich bessere Gesundheitsversorgung<\/strong><br>Das ist wissenschaftlich belegt: neueversorgung.de<\/p><\/span><\/span><\/span><\/li><li class=\"gutentor-list-item grid-lg-12 grid-md-12 grid-12\"><span class=\"gutentor-single-item gutentor-single-item-2\"><span class=\"gutentor-list-item-wrap g-s-list-wrap\"><span class=\"gutentor-single-list-item-icon\"><i class=\"list-item-icon fas fa-check\"><\/i><\/span><span class=\"gutentor-list-item\"><p class=\"gutentor-single-item-title\"><strong>Mehr Zeit f\u00fcr Sie<\/strong> Im Hausarztprogramm f\u00e4llt weniger B\u00fcrokratie f\u00fcr uns an, und wir erhalten ein faires Honorar.<br>So bleibt mehr Zeit f\u00fcr das, was z\u00e4hlt: Ihre Gesundheit.<\/p><\/span><\/span><\/span><\/li><\/ul><\/div>\n\n\n\n<div id=\"section-g-axhlytl\" class=\"wp-block-gutentor-e1 section-g-axhlytl gutentor-element gutentor-element-advanced-text\"><div class=\"gutentor-text-wrap\"><p class=\"gutentor-text\">Sind Sie bei einer der folgenden Krankenkassen versichert ( AOK Hessen, Barmer, DAK, TK, KKH, HEK, HKK ) und m\u00f6chten gerne am Hausarztmodell teilnehmen?<br><br><strong>Sprechen Sie uns bei Ihrem n\u00e4chsten Praxisbesuch an und nehmen Sie am Hausarztprogramm teil.<\/strong><br>Die Teilnahme am Hausarztprogramm ist f\u00fcr alle gesetzlich Versicherten kostenfrei und die Einschreibung erfolgt schnell und unkompliziert in unserer Praxis.<br><br><em>Ihr Praxisteam Ulrike G\u00f6tte<\/em><\/p><\/div><\/div>\n<\/div><\/div>\n<\/div><\/div><\/section>\n","protected":false},"excerpt":{"rendered":"","protected":false},"author":1,"featured_media":0,"parent":0,"menu_order":0,"comment_status":"closed","ping_status":"closed","template":"template-gutentor-full-width.php","meta":{"footnotes":""},"class_list":["post-733","page","type-page","status-publish","hentry"],"_links":{"self":[{"href":"https:\/\/praxis-goette.de\/content\/wp-json\/wp\/v2\/pages\/733","targetHints":{"allow":["GET"]}}],"collection":[{"href":"https:\/\/praxis-goette.de\/content\/wp-json\/wp\/v2\/pages"}],"about":[{"href":"https:\/\/praxis-goette.de\/content\/wp-json\/wp\/v2\/types\/page"}],"author":[{"embeddable":true,"href":"https:\/\/praxis-goette.de\/content\/wp-json\/wp\/v2\/users\/1"}],"replies":[{"embeddable":true,"href":"https:\/\/praxis-goette.de\/content\/wp-json\/wp\/v2\/comments?post=733"}],"version-history":[{"count":8,"href":"https:\/\/praxis-goette.de\/content\/wp-json\/wp\/v2\/pages\/733\/revisions"}],"predecessor-version":[{"id":777,"href":"https:\/\/praxis-goette.de\/content\/wp-json\/wp\/v2\/pages\/733\/revisions\/777"}],"wp:attachment":[{"href":"https:\/\/praxis-goette.de\/content\/wp-json\/wp\/v2\/media?parent=733"}],"curies":[{"name":"wp","href":"https:\/\/api.w.org\/{rel}","templated":true}]}}